{"id":42,"date":"2015-05-27T07:40:45","date_gmt":"2015-05-27T07:40:45","guid":{"rendered":"http:\/\/boladepapel.org\/sitio\/index.php\/portfolio\/"},"modified":"2015-05-27T07:40:45","modified_gmt":"2015-05-27T07:40:45","slug":"portfolio","status":"publish","type":"page","link":"https:\/\/boladepapel.org\/sitio\/portfolio\/","title":{"rendered":"Portfolio"},"content":{"rendered":"Hidden article.","protected":false},"excerpt":{"rendered":"<p>Hidden article.<\/p>\n","protected":false},"author":1,"featured_media":0,"parent":0,"menu_order":4,"comment_status":"closed","ping_status":"closed","template":"","meta":[],"yoast_head":"<!-- This site is optimized with the Yoast SEO plugin v17.0 - https:\/\/yoast.com\/wordpress\/plugins\/seo\/ -->\n<meta name=\"robots\" content=\"index, follow, max-snippet:-1, max-image-preview:large, max-video-preview:-1\" \/>\n<link rel=\"canonical\" href=\"http:\/\/boladepapel.org\/sitio\/portfolio\/\" \/>\n<meta property=\"og:locale\" content=\"es_ES\" \/>\n<meta property=\"og:type\" content=\"article\" \/>\n<meta property=\"og:title\" content=\"Portfolio - Bola de Papel\" \/>\n<meta property=\"og:description\" content=\"Hidden article.\" \/>\n<meta property=\"og:url\" content=\"http:\/\/boladepapel.org\/sitio\/portfolio\/\" \/>\n<meta property=\"og:site_name\" content=\"Bola de Papel\" \/>\n<meta name=\"twitter:card\" content=\"summary_large_image\" \/>\n<script type=\"application\/ld+json\" class=\"yoast-schema-graph\">{\"@context\":\"https:\/\/schema.org\",\"@graph\":[{\"@type\":\"WebSite\",\"@id\":\"https:\/\/boladepapel.org\/sitio\/#website\",\"url\":\"https:\/\/boladepapel.org\/sitio\/\",\"name\":\"Bola de Papel\",\"description\":\"Editorial independiente. M\\u00e9xico. Novela, Poes\\u00eda y Distribuci\\u00f3n\",\"potentialAction\":[{\"@type\":\"SearchAction\",\"target\":{\"@type\":\"EntryPoint\",\"urlTemplate\":\"https:\/\/boladepapel.org\/sitio\/?s={search_term_string}\"},\"query-input\":\"required name=search_term_string\"}],\"inLanguage\":\"es\"},{\"@type\":\"WebPage\",\"@id\":\"http:\/\/boladepapel.org\/sitio\/portfolio\/#webpage\",\"url\":\"http:\/\/boladepapel.org\/sitio\/portfolio\/\",\"name\":\"Portfolio - Bola de Papel\",\"isPartOf\":{\"@id\":\"https:\/\/boladepapel.org\/sitio\/#website\"},\"datePublished\":\"2015-05-27T07:40:45+00:00\",\"dateModified\":\"2015-05-27T07:40:45+00:00\",\"breadcrumb\":{\"@id\":\"http:\/\/boladepapel.org\/sitio\/portfolio\/#breadcrumb\"},\"inLanguage\":\"es\",\"potentialAction\":[{\"@type\":\"ReadAction\",\"target\":[\"http:\/\/boladepapel.org\/sitio\/portfolio\/\"]}]},{\"@type\":\"BreadcrumbList\",\"@id\":\"http:\/\/boladepapel.org\/sitio\/portfolio\/#breadcrumb\",\"itemListElement\":[{\"@type\":\"ListItem\",\"position\":1,\"name\":\"Inicio\",\"item\":\"http:\/\/boladepapel.org\/sitio\/\"},{\"@type\":\"ListItem\",\"position\":2,\"name\":\"Portfolio\"}]}]}<\/script>\n<!-- \/ Yoast SEO plugin. -->","yoast_head_json":{"robots":{"index":"index","follow":"follow","max-snippet":"max-snippet:-1","max-image-preview":"max-image-preview:large","max-video-preview":"max-video-preview:-1"},"canonical":"http:\/\/boladepapel.org\/sitio\/portfolio\/","og_locale":"es_ES","og_type":"article","og_title":"Portfolio - Bola de Papel","og_description":"Hidden article.","og_url":"http:\/\/boladepapel.org\/sitio\/portfolio\/","og_site_name":"Bola de Papel","twitter_card":"summary_large_image","schema":{"@context":"https:\/\/schema.org","@graph":[{"@type":"WebSite","@id":"https:\/\/boladepapel.org\/sitio\/#website","url":"https:\/\/boladepapel.org\/sitio\/","name":"Bola de Papel","description":"Editorial independiente. M\u00e9xico. Novela, Poes\u00eda y Distribuci\u00f3n","potentialAction":[{"@type":"SearchAction","target":{"@type":"EntryPoint","urlTemplate":"https:\/\/boladepapel.org\/sitio\/?s={search_term_string}"},"query-input":"required name=search_term_string"}],"inLanguage":"es"},{"@type":"WebPage","@id":"http:\/\/boladepapel.org\/sitio\/portfolio\/#webpage","url":"http:\/\/boladepapel.org\/sitio\/portfolio\/","name":"Portfolio - Bola de Papel","isPartOf":{"@id":"https:\/\/boladepapel.org\/sitio\/#website"},"datePublished":"2015-05-27T07:40:45+00:00","dateModified":"2015-05-27T07:40:45+00:00","breadcrumb":{"@id":"http:\/\/boladepapel.org\/sitio\/portfolio\/#breadcrumb"},"inLanguage":"es","potentialAction":[{"@type":"ReadAction","target":["http:\/\/boladepapel.org\/sitio\/portfolio\/"]}]},{"@type":"BreadcrumbList","@id":"http:\/\/boladepapel.org\/sitio\/portfolio\/#breadcrumb","itemListElement":[{"@type":"ListItem","position":1,"name":"Inicio","item":"http:\/\/boladepapel.org\/sitio\/"},{"@type":"ListItem","position":2,"name":"Portfolio"}]}]}},"_links":{"self":[{"href":"https:\/\/boladepapel.org\/sitio\/wp-json\/wp\/v2\/pages\/42"}],"collection":[{"href":"https:\/\/boladepapel.org\/sitio\/wp-json\/wp\/v2\/pages"}],"about":[{"href":"https:\/\/boladepapel.org\/sitio\/wp-json\/wp\/v2\/types\/page"}],"author":[{"embeddable":true,"href":"https:\/\/boladepapel.org\/sitio\/wp-json\/wp\/v2\/users\/1"}],"replies":[{"embeddable":true,"href":"https:\/\/boladepapel.org\/sitio\/wp-json\/wp\/v2\/comments?post=42"}],"version-history":[{"count":0,"href":"https:\/\/boladepapel.org\/sitio\/wp-json\/wp\/v2\/pages\/42\/revisions"}],"wp:attachment":[{"href":"https:\/\/boladepapel.org\/sitio\/wp-json\/wp\/v2\/media?parent=42"}],"curies":[{"name":"wp","href":"https:\/\/api.w.org\/{rel}","templated":true}]}}