{"id":41,"date":"2015-04-15T15:12:29","date_gmt":"2015-04-15T15:12:29","guid":{"rendered":"http:\/\/boladepapel.org\/sitio\/index.php\/blog\/"},"modified":"2017-08-26T02:07:46","modified_gmt":"2017-08-26T02:07:46","slug":"blog-opinion","status":"publish","type":"page","link":"https:\/\/boladepapel.org\/sitio\/blog-opinion\/","title":{"rendered":"Opini\u00f3n"},"content":{"rendered":"\n\n<div id=\"wk-gridaba\" class=\"uk-grid-width-1-1 uk-grid-width-small-1-2 uk-grid-width-large-1-3 uk-text-left tm-grid-avanti \" data-uk-grid=\"{gutter: ' 40'}\"  data-uk-scrollspy=\"{cls:'uk-animation-scale-up uk-invisible', target:'> div > .uk-panel', delay:300}\">\n\n\n    <div>\n        <div class=\"uk-panel uk-invisible\">\n\n            \n            \n                        <div class=\"uk-text-center uk-panel-teaser\"><div class=\"uk-overlay uk-overlay-hover \"><img src=\"https:\/\/boladepapel.org\/sitio\/wp-content\/uploads\/fine_english_kv_hr_01.jpg\" class=\" uk-overlay-scale\" alt=\"El a\u00f1o que no tuvimos rostro\" width=\"1807\" height=\"973\"><a class=\"uk-position-cover\" href=\"https:\/\/boladepapel.org\/sitio\/el-ano-que-no-tuvimos-rostro-a-aun-ano-de-la-pandemia-ehekatl-hernandez\/\"><\/a><\/div><\/div>\n            \n            \n            \n                        <h3 class=\"uk-panel-title\">\n\n                                    <a class=\"uk-link-reset\" href=\"https:\/\/boladepapel.org\/sitio\/el-ano-que-no-tuvimos-rostro-a-aun-ano-de-la-pandemia-ehekatl-hernandez\/\">El a\u00f1o que no tuvimos rostro<\/a>\n                \n                \n            <\/h3>\n            \n                        <p class=\"uk-article-meta\">Written by Ehekatl Hern\u00e1ndez on <time datetime=\"2021-03-09 13:44:29\">09\/03\/2021<\/time><\/p>\n            \n                                    <div class=\"uk-margin\">\nFoto: Chico Correa FCB Agency\n\n\n\n\n&#8230;afuera s\u00f3lo encontramos pares de ojos fugitivos y desconfiados, poco a poco nos...<\/div>\n            \n            \n                        <p><a class=\"uk-button uk-button-link\" href=\"https:\/\/boladepapel.org\/sitio\/el-ano-que-no-tuvimos-rostro-a-aun-ano-de-la-pandemia-ehekatl-hernandez\/\">Leer m\u00e1s<\/a><\/p>\n            \n            \n        <\/div>\n    <\/div>\n\n\n    <div>\n        <div class=\"uk-panel uk-invisible\">\n\n            \n            \n                        <div class=\"uk-text-center uk-panel-teaser\"><div class=\"uk-overlay uk-overlay-hover \"><img src=\"https:\/\/boladepapel.org\/sitio\/wp-content\/uploads\/cuarentena-dia7-BN-Ehekatl-hdz-e1585443526759.jpg\" class=\" uk-overlay-scale\" alt=\"El Suceso est\u00e1 adentro\" width=\"2422\" height=\"1021\"><a class=\"uk-position-cover\" href=\"https:\/\/boladepapel.org\/sitio\/el-suceso-esta-adentro-ensayo-de-ehekatl-hernandez\/\"><\/a><\/div><\/div>\n            \n            \n            \n                        <h3 class=\"uk-panel-title\">\n\n                                    <a class=\"uk-link-reset\" href=\"https:\/\/boladepapel.org\/sitio\/el-suceso-esta-adentro-ensayo-de-ehekatl-hernandez\/\">El Suceso est\u00e1 adentro<\/a>\n                \n                \n            <\/h3>\n            \n                        <p class=\"uk-article-meta\">Written by Ehekatl Hern\u00e1ndez on <time datetime=\"2020-03-28 18:20:16\">28\/03\/2020<\/time><\/p>\n            \n                                    <div class=\"uk-margin\">En tiempos vertiginosos, el mutismo y la inmovilidad aterra a primera instancia porque nos confronta con nosotros mismos,...<\/div>\n            \n            \n                        <p><a class=\"uk-button uk-button-link\" href=\"https:\/\/boladepapel.org\/sitio\/el-suceso-esta-adentro-ensayo-de-ehekatl-hernandez\/\">Leer m\u00e1s<\/a><\/p>\n            \n            \n        <\/div>\n    <\/div>\n\n\n    <div>\n        <div class=\"uk-panel uk-invisible\">\n\n            \n            \n                        <div class=\"uk-text-center uk-panel-teaser\"><div class=\"uk-overlay uk-overlay-hover \"><img src=\"https:\/\/boladepapel.org\/sitio\/wp-content\/uploads\/roma-cuaron-mexico.jpg\" class=\" uk-overlay-scale\" alt=\"Lo que Roma nos dej\u00f3\" width=\"1193\" height=\"800\"><a class=\"uk-position-cover\" href=\"https:\/\/boladepapel.org\/sitio\/lo-que-roma-nos-dejo\/\"><\/a><\/div><\/div>\n            \n            \n            \n                        <h3 class=\"uk-panel-title\">\n\n                                    <a class=\"uk-link-reset\" href=\"https:\/\/boladepapel.org\/sitio\/lo-que-roma-nos-dejo\/\">Lo que Roma nos dej\u00f3<\/a>\n                \n                \n            <\/h3>\n            \n                        <p class=\"uk-article-meta\">Written by Ehekatl Hern\u00e1ndez on <time datetime=\"2019-02-02 15:34:30\">02\/02\/2019<\/time><\/p>\n            \n                                    <div class=\"uk-margin\">M\u00e1s all\u00e1 del boom medi\u00e1tico y la ola de entusiasmo que en alg\u00fan momento tendr\u00e1 que bajar, est\u00e1 cinta ha permitido, quiz\u00e1...<\/div>\n            \n            \n                        <p><a class=\"uk-button uk-button-link\" href=\"https:\/\/boladepapel.org\/sitio\/lo-que-roma-nos-dejo\/\">Leer m\u00e1s<\/a><\/p>\n            \n            \n        <\/div>\n    <\/div>\n\n\n    <div>\n        <div class=\"uk-panel uk-invisible\">\n\n            \n            \n                        <div class=\"uk-text-center uk-panel-teaser\"><div class=\"uk-overlay uk-overlay-hover \"><img src=\"https:\/\/boladepapel.org\/sitio\/wp-content\/uploads\/s19-mex.jpg\" class=\" uk-overlay-scale\" alt=\"19-S Nada es igual\" width=\"1280\" height=\"655\"><a class=\"uk-position-cover\" href=\"https:\/\/boladepapel.org\/sitio\/19-s-nada-es-igual\/\"><\/a><\/div><\/div>\n            \n            \n            \n                        <h3 class=\"uk-panel-title\">\n\n                                    <a class=\"uk-link-reset\" href=\"https:\/\/boladepapel.org\/sitio\/19-s-nada-es-igual\/\">19-S Nada es igual<\/a>\n                \n                \n            <\/h3>\n            \n                        <p class=\"uk-article-meta\">Written by Ehekatl Hern\u00e1ndez on <time datetime=\"2017-09-22 14:45:47\">22\/09\/2017<\/time><\/p>\n            \n                                    <div class=\"uk-margin\">Esta tragedia ha hermanado a dos generaciones que parec\u00edan excluirse mutuamente, hoy como hace 32 a\u00f1os algo se rompi\u00f3 y nuevamente...<\/div>\n            \n            \n                        <p><a class=\"uk-button uk-button-link\" href=\"https:\/\/boladepapel.org\/sitio\/19-s-nada-es-igual\/\">Leer m\u00e1s<\/a><\/p>\n            \n            \n        <\/div>\n    <\/div>\n\n\n    <div>\n        <div class=\"uk-panel uk-invisible\">\n\n            \n            \n            \n            \n            \n                        <h3 class=\"uk-panel-title\">\n\n                                    <a class=\"uk-link-reset\" href=\"https:\/\/boladepapel.org\/sitio\/2-de-octubre-o-se-olvida-o-se-perdona\/\">2 de octubre o se olvida o se perdona<\/a>\n                \n                \n            <\/h3>\n            \n                        <p class=\"uk-article-meta\">Written by Ehekatl Hern\u00e1ndez on <time datetime=\"2016-10-03 02:06:38\">03\/10\/2016<\/time><\/p>\n            \n                                    <div class=\"uk-margin\">La participaci\u00f3n ciudadana hoy m\u00e1s que nunca pone a prueba su responsabilidad y va entendiendo que la democracia al final...<\/div>\n            \n            \n                        <p><a class=\"uk-button uk-button-link\" href=\"https:\/\/boladepapel.org\/sitio\/2-de-octubre-o-se-olvida-o-se-perdona\/\">Leer m\u00e1s<\/a><\/p>\n            \n            \n        <\/div>\n    <\/div>\n\n\n    <div>\n        <div class=\"uk-panel uk-invisible\">\n\n            \n            \n            \n            \n            \n                        <h3 class=\"uk-panel-title\">\n\n                                    <a class=\"uk-link-reset\" href=\"https:\/\/boladepapel.org\/sitio\/por-que-no-debemos-tener-lastima-de-los-millenials\/\">Por qu\u00e9 no debemos tener l\u00e1stima de los Millenials.<\/a>\n                \n                \n            <\/h3>\n            \n                        <p class=\"uk-article-meta\">Written by Ehekatl Hern\u00e1ndez on <time datetime=\"2016-08-09 01:56:44\">09\/08\/2016<\/time><\/p>\n            \n                                    <div class=\"uk-margin\">Una de las quejas y preocupaciones recurrentes habla de que los millenials tienen salarios m\u00e1s bajos, nulas prestaciones,...<\/div>\n            \n            \n                        <p><a class=\"uk-button uk-button-link\" href=\"https:\/\/boladepapel.org\/sitio\/por-que-no-debemos-tener-lastima-de-los-millenials\/\">Leer m\u00e1s<\/a><\/p>\n            \n            \n        <\/div>\n    <\/div>\n\n\n    <div>\n        <div class=\"uk-panel uk-invisible\">\n\n            \n            \n                        <div class=\"uk-text-center uk-panel-teaser\"><div class=\"uk-overlay uk-overlay-hover \"><img src=\"https:\/\/boladepapel.org\/sitio\/wp-content\/uploads\/blog-03.jpg\" class=\" uk-overlay-scale\" alt=\"Revanchismo y viralizaci\u00f3n\" width=\"1200\" height=\"600\"><a class=\"uk-position-cover\" href=\"https:\/\/boladepapel.org\/sitio\/pagekit\/\"><\/a><\/div><\/div>\n            \n            \n                        <div class=\"uk-margin uk-margin-bottom-small\">\n                                    <span class=\"uk-badge tm-badge-muted\">Advertising<\/span>\n                                    <span class=\"uk-badge tm-badge-muted\">Marketing<\/span>\n                            <\/div>\n            \n                        <h3 class=\"uk-panel-title\">\n\n                                    <a class=\"uk-link-reset\" href=\"https:\/\/boladepapel.org\/sitio\/pagekit\/\">Revanchismo y viralizaci\u00f3n<\/a>\n                \n                \n            <\/h3>\n            \n                        <p class=\"uk-article-meta\">Written by Ehekatl Hern\u00e1ndez on <time datetime=\"2016-06-23 15:50:55\">23\/06\/2016<\/time><\/p>\n            \n                                    <div class=\"uk-margin\">Los revolucionarios de hoy ser\u00e1n los reaccionarios del ma\u00f1ana.\nLeyendo con detenimiento opiniones de propios y extra\u00f1os&nbsp;en...<\/div>\n            \n            \n                        <p><a class=\"uk-button uk-button-link\" href=\"https:\/\/boladepapel.org\/sitio\/pagekit\/\">Leer m\u00e1s<\/a><\/p>\n            \n            \n        <\/div>\n    <\/div>\n\n\n<\/div>\n<script>\n    (function($){\n\n        $('img:first', $('#wk-gridaba')).each(function() {\n            var $img = $(this),\n                $canvas = $('<canvas class=\"uk-responsive-width\"><\/canvas>').attr({width:$img.attr('width'), height:$img.attr('height')}),\n                img = new Image;\n\n            $img.css('display', 'none').after($canvas);\n\n            img.onload = function(){\n                $canvas.remove();\n                $img.css('display', '');\n            };\n\n            img.src = this.src;\n        });\n\n    })(jQuery);\n<\/script>\n","protected":false},"excerpt":{"rendered":"","protected":false},"author":1,"featured_media":0,"parent":0,"menu_order":5,"comment_status":"closed","ping_status":"closed","template":"","meta":[],"yoast_head":"<!-- This site is optimized with the Yoast SEO plugin v17.0 - https:\/\/yoast.com\/wordpress\/plugins\/seo\/ -->\n<meta name=\"robots\" content=\"index, follow, max-snippet:-1, max-image-preview:large, max-video-preview:-1\" \/>\n<link rel=\"canonical\" href=\"http:\/\/boladepapel.org\/sitio\/blog-opinion\/\" \/>\n<meta property=\"og:locale\" content=\"es_ES\" \/>\n<meta property=\"og:type\" content=\"article\" \/>\n<meta property=\"og:title\" content=\"Opini\u00f3n - Bola de Papel\" \/>\n<meta property=\"og:url\" content=\"http:\/\/boladepapel.org\/sitio\/blog-opinion\/\" \/>\n<meta property=\"og:site_name\" content=\"Bola de Papel\" \/>\n<meta property=\"article:modified_time\" content=\"2017-08-26T02:07:46+00:00\" \/>\n<meta name=\"twitter:card\" content=\"summary_large_image\" \/>\n<script type=\"application\/ld+json\" class=\"yoast-schema-graph\">{\"@context\":\"https:\/\/schema.org\",\"@graph\":[{\"@type\":\"WebSite\",\"@id\":\"https:\/\/boladepapel.org\/sitio\/#website\",\"url\":\"https:\/\/boladepapel.org\/sitio\/\",\"name\":\"Bola de Papel\",\"description\":\"Editorial independiente. M\\u00e9xico. Novela, Poes\\u00eda y Distribuci\\u00f3n\",\"potentialAction\":[{\"@type\":\"SearchAction\",\"target\":{\"@type\":\"EntryPoint\",\"urlTemplate\":\"https:\/\/boladepapel.org\/sitio\/?s={search_term_string}\"},\"query-input\":\"required name=search_term_string\"}],\"inLanguage\":\"es\"},{\"@type\":\"WebPage\",\"@id\":\"http:\/\/boladepapel.org\/sitio\/blog-opinion\/#webpage\",\"url\":\"http:\/\/boladepapel.org\/sitio\/blog-opinion\/\",\"name\":\"Opini\\u00f3n - Bola de Papel\",\"isPartOf\":{\"@id\":\"https:\/\/boladepapel.org\/sitio\/#website\"},\"datePublished\":\"2015-04-15T15:12:29+00:00\",\"dateModified\":\"2017-08-26T02:07:46+00:00\",\"breadcrumb\":{\"@id\":\"http:\/\/boladepapel.org\/sitio\/blog-opinion\/#breadcrumb\"},\"inLanguage\":\"es\",\"potentialAction\":[{\"@type\":\"ReadAction\",\"target\":[\"http:\/\/boladepapel.org\/sitio\/blog-opinion\/\"]}]},{\"@type\":\"BreadcrumbList\",\"@id\":\"http:\/\/boladepapel.org\/sitio\/blog-opinion\/#breadcrumb\",\"itemListElement\":[{\"@type\":\"ListItem\",\"position\":1,\"name\":\"Inicio\",\"item\":\"http:\/\/boladepapel.org\/sitio\/\"},{\"@type\":\"ListItem\",\"position\":2,\"name\":\"Opini\\u00f3n\"}]}]}<\/script>\n<!-- \/ Yoast SEO plugin. -->","yoast_head_json":{"robots":{"index":"index","follow":"follow","max-snippet":"max-snippet:-1","max-image-preview":"max-image-preview:large","max-video-preview":"max-video-preview:-1"},"canonical":"http:\/\/boladepapel.org\/sitio\/blog-opinion\/","og_locale":"es_ES","og_type":"article","og_title":"Opini\u00f3n - Bola de Papel","og_url":"http:\/\/boladepapel.org\/sitio\/blog-opinion\/","og_site_name":"Bola de Papel","article_modified_time":"2017-08-26T02:07:46+00:00","twitter_card":"summary_large_image","schema":{"@context":"https:\/\/schema.org","@graph":[{"@type":"WebSite","@id":"https:\/\/boladepapel.org\/sitio\/#website","url":"https:\/\/boladepapel.org\/sitio\/","name":"Bola de Papel","description":"Editorial independiente. M\u00e9xico. Novela, Poes\u00eda y Distribuci\u00f3n","potentialAction":[{"@type":"SearchAction","target":{"@type":"EntryPoint","urlTemplate":"https:\/\/boladepapel.org\/sitio\/?s={search_term_string}"},"query-input":"required name=search_term_string"}],"inLanguage":"es"},{"@type":"WebPage","@id":"http:\/\/boladepapel.org\/sitio\/blog-opinion\/#webpage","url":"http:\/\/boladepapel.org\/sitio\/blog-opinion\/","name":"Opini\u00f3n - Bola de Papel","isPartOf":{"@id":"https:\/\/boladepapel.org\/sitio\/#website"},"datePublished":"2015-04-15T15:12:29+00:00","dateModified":"2017-08-26T02:07:46+00:00","breadcrumb":{"@id":"http:\/\/boladepapel.org\/sitio\/blog-opinion\/#breadcrumb"},"inLanguage":"es","potentialAction":[{"@type":"ReadAction","target":["http:\/\/boladepapel.org\/sitio\/blog-opinion\/"]}]},{"@type":"BreadcrumbList","@id":"http:\/\/boladepapel.org\/sitio\/blog-opinion\/#breadcrumb","itemListElement":[{"@type":"ListItem","position":1,"name":"Inicio","item":"http:\/\/boladepapel.org\/sitio\/"},{"@type":"ListItem","position":2,"name":"Opini\u00f3n"}]}]}},"_links":{"self":[{"href":"https:\/\/boladepapel.org\/sitio\/wp-json\/wp\/v2\/pages\/41"}],"collection":[{"href":"https:\/\/boladepapel.org\/sitio\/wp-json\/wp\/v2\/pages"}],"about":[{"href":"https:\/\/boladepapel.org\/sitio\/wp-json\/wp\/v2\/types\/page"}],"author":[{"embeddable":true,"href":"https:\/\/boladepapel.org\/sitio\/wp-json\/wp\/v2\/users\/1"}],"replies":[{"embeddable":true,"href":"https:\/\/boladepapel.org\/sitio\/wp-json\/wp\/v2\/comments?post=41"}],"version-history":[{"count":2,"href":"https:\/\/boladepapel.org\/sitio\/wp-json\/wp\/v2\/pages\/41\/revisions"}],"predecessor-version":[{"id":211,"href":"https:\/\/boladepapel.org\/sitio\/wp-json\/wp\/v2\/pages\/41\/revisions\/211"}],"wp:attachment":[{"href":"https:\/\/boladepapel.org\/sitio\/wp-json\/wp\/v2\/media?parent=41"}],"curies":[{"name":"wp","href":"https:\/\/api.w.org\/{rel}","templated":true}]}}